{"id":67,"date":"2012-03-18T12:00:29","date_gmt":"2012-03-18T12:00:29","guid":{"rendered":"https:\/\/kraftan.nu\/?page_id=67"},"modified":"2023-01-12T17:41:13","modified_gmt":"2023-01-12T17:41:13","slug":"festvaning","status":"publish","type":"page","link":"https:\/\/kraftan.nu\/?page_id=67","title":{"rendered":"Festv\u00e5ning"},"content":{"rendered":"<p>Vi har en m\u00e4ngd lyckade festarrangemang och br\u00f6llop bakom oss och hj\u00e4lper er g\u00e4rna att ordna en trevlig fest. Vi kan erbjuda en fantastisk milj\u00f6 precis intill Brunnsviken d\u00e4r ni kan b\u00f6rja med en f\u00f6rdrink ute i det fria, d\u00e4refter forts\u00e4tter ni med middag och efterf\u00f6ljande fest inne p\u00e5 V\u00e4rdshuset. V\u00e4lkomna att h\u00f6ra av er till oss f\u00f6r att titta p\u00e5 lokalen och planera f\u00f6r att festen ska bli precis s\u00e5 bra som ni t\u00e4nkt er.<\/p>\n<p>Titta g\u00e4rna in i\u00a0Galleriet och p\u00e5 Sociala medier f\u00f6r att f\u00e5 en uppfattning om hur det kan se ut!<\/p>\n<div><strong>V\u00e4lkommen till oss p\u00e5 V\u00e4rdshuset Kr\u00e4ftan!<\/strong><\/div>\n<div class=\"nivo-content\"><div class=\"nivo-wrapper\"><div class=\"nivo-slider\" id=\"nivo-slider-671\" style=\"max-height:450px;\"><\/div><\/div><\/div>\n<p><script><\/p>\n<p>(function(i,s,o,g,r,a,m){i['GoogleAnalyticsObject']=r;i[r]=i[r]||function(){<br \/>\n(i[r].q=i[r].q||[]).push(arguments)},i[r].l=1*new Date();a=s.createElement(o),<br \/>\nm=s.getElementsByTagName(o)[0];a.async=1;a.src=g;m.parentNode.insertBefore(a,m)<br \/>\n})(window,document,'script','\/\/www.google-analytics.com\/analytics.js','ga');<\/p>\n<p>ga('create', 'UA-57427039-3', 'auto');<br \/>\nga('send', 'pageview');<\/p>\n<p><\/script><\/p>\n","protected":false},"excerpt":{"rendered":"<p>Vi har en m\u00e4ngd lyckade festarrangemang och br\u00f6llop bakom oss och hj\u00e4lper er g\u00e4rna att ordna en trevlig fest. Vi [&hellip;]<\/p>\n","protected":false},"author":2,"featured_media":282,"parent":0,"menu_order":3,"comment_status":"closed","ping_status":"closed","template":"","meta":{"_monsterinsights_skip_tracking":false,"_monsterinsights_sitenote_active":false,"_monsterinsights_sitenote_note":"","_monsterinsights_sitenote_category":0,"footnotes":""},"class_list":["post-67","page","type-page","status-publish","has-post-thumbnail","hentry"],"_links":{"self":[{"href":"https:\/\/kraftan.nu\/index.php?rest_route=\/wp\/v2\/pages\/67","targetHints":{"allow":["GET"]}}],"collection":[{"href":"https:\/\/kraftan.nu\/index.php?rest_route=\/wp\/v2\/pages"}],"about":[{"href":"https:\/\/kraftan.nu\/index.php?rest_route=\/wp\/v2\/types\/page"}],"author":[{"embeddable":true,"href":"https:\/\/kraftan.nu\/index.php?rest_route=\/wp\/v2\/users\/2"}],"replies":[{"embeddable":true,"href":"https:\/\/kraftan.nu\/index.php?rest_route=%2Fwp%2Fv2%2Fcomments&post=67"}],"version-history":[{"count":2,"href":"https:\/\/kraftan.nu\/index.php?rest_route=\/wp\/v2\/pages\/67\/revisions"}],"predecessor-version":[{"id":4142,"href":"https:\/\/kraftan.nu\/index.php?rest_route=\/wp\/v2\/pages\/67\/revisions\/4142"}],"wp:featuredmedia":[{"embeddable":true,"href":"https:\/\/kraftan.nu\/index.php?rest_route=\/"}],"wp:attachment":[{"href":"https:\/\/kraftan.nu\/index.php?rest_route=%2Fwp%2Fv2%2Fmedia&parent=67"}],"curies":[{"name":"wp","href":"https:\/\/api.w.org\/{rel}","templated":true}]}}