{"id":61,"date":"2012-03-18T14:00:21","date_gmt":"2012-03-18T14:00:21","guid":{"rendered":"https:\/\/kraftan.nu\/?page_id=61"},"modified":"2024-01-14T11:37:32","modified_gmt":"2024-01-14T10:37:32","slug":"om-vardshuset","status":"publish","type":"page","link":"https:\/\/kraftan.nu\/?page_id=61","title":{"rendered":"Om v\u00e4rdshuset"},"content":{"rendered":"<p><span style=\"color: #000000;\"><strong>OM V\u00c4RDSHUSET<\/strong><\/span><\/p>\n<p>Invid Brunnsviken mellan \u00e4ng och vatten finns V\u00e4rdshuset Kr\u00e4ftan. Omr\u00e5det, som kallas Kr\u00e4ftriket, \u00e4r inte bara natursk\u00f6nt utan ocks\u00e5 k\u00e4nt fr\u00e5n b\u00e5de litteraturen och historien.<\/p>\n<p>Kr\u00e4ftriket omn\u00e4mns exempelvis i Bellmans och Taubes diktning. Det hette i b\u00f6rjan Cathrineberg och var ett j\u00e4garbost\u00e4lle. I slutet av 1700-talet k\u00f6ptes det av en k\u00f6ksm\u00e4stare Schmidt som l\u00e4t \u00f6ppna en krog och serverade kr\u00e4ftor ur Brunnsviken till sina g\u00e4ster. R\u00f6relsen blev enormt popul\u00e4r och drevs till mitten av 1800-talet. Vid en v\u00e4gombyggnad p\u00e5 1940-talet revs dock torpet, det ans\u00e5gs st\u00e5 i v\u00e4gen f\u00f6r den \u00f6kande biltrafiken.<\/p>\n<p>Carl Michael Bellman n\u00e4mner Brunnsviken och \u00e4ven restaurangen (F\u00f6rsta Torpet) i sin diktning. Vid Brunnsvikens strand st\u00e5r en staty av Bellman med sin luta. Det \u00e4r inte vilken vilken staty som helst utan Alfred Nystr\u00f6ms klassiska staty fr\u00e5n 1872. Den stod ursprungligen framf\u00f6r Hasselbacken.<\/p>\n<div class=\"services-wrapper services-thumbnail\"><div class=\"services-box col services-no-content\"><div class=\"thumbnail-wrapper\"><div class=\"services-img\" style=\"background-image:url(https:\/\/kraftan.nu\/wp-content\/uploads\/2017\/02\/I5A9696_webb-235x235-235x235.jpg)\"><\/div><div class=\"services-content\"><div class=\"sc-wraper\"><\/div><\/div><\/div><\/div><div class=\"services-box col services-no-content\"><div class=\"thumbnail-wrapper\"><div class=\"services-img\" style=\"background-image:url(https:\/\/kraftan.nu\/wp-content\/uploads\/2017\/02\/I5A9767_webb-235x235-235x235.jpg)\"><\/div><div class=\"services-content\"><div class=\"sc-wraper\"><\/div><\/div><\/div><\/div><div class=\"clear\"><\/div><\/div>\n<div id=\"attachment_1373\" style=\"width: 1034px\" class=\"wp-caption alignnone\"><img loading=\"lazy\" decoding=\"async\" aria-describedby=\"caption-attachment-1373\" class=\"wp-image-1373 size-full\" src=\"https:\/\/kraftan.nu\/wp-content\/uploads\/2012\/03\/LevQx1_w-1024x309.jpg\" alt=\"V\u00e4rdshuset Kr\u00e4ftan - Photograpy by Wilmarsgard\" width=\"1024\" height=\"309\" srcset=\"https:\/\/kraftan.nu\/wp-content\/uploads\/2012\/03\/LevQx1_w-1024x309.jpg 1024w, https:\/\/kraftan.nu\/wp-content\/uploads\/2012\/03\/LevQx1_w-1024x309-300x91.jpg 300w, https:\/\/kraftan.nu\/wp-content\/uploads\/2012\/03\/LevQx1_w-1024x309-768x232.jpg 768w\" sizes=\"auto, (max-width: 1024px) 100vw, 1024px\" \/><p id=\"caption-attachment-1373\" class=\"wp-caption-text\">V\u00e4rdshuset Kr\u00e4ftan &#8211; Photograpy by Wilmarsgard<\/p><\/div>\n<p><strong>V\u00e4lkommen hit!<\/strong><\/p>\n<p><span style=\"color: #ef3e1b;\"><strong>OM WEBBPLATSEN<\/strong><\/span><\/p>\n<p>Fotografierna p\u00e5 denna webbplats \u00e4r tagna av <span style=\"text-decoration: underline;\"><span style=\"color: #000000;\"><span style=\"color: #000000; text-decoration: underline;\">Photography by Wilmarsgard<\/span><\/span><\/span><\/p>\n<p><script>\/\/ <![CDATA[ (function(i,s,o,g,r,a,m){i['GoogleAnalyticsObject']=r;i[r]=i[r]||function(){ (i[r].q=i[r].q||[]).push(arguments)},i[r].l=1*new Date();a=s.createElement(o), m=s.getElementsByTagName(o)[0];a.async=1;a.src=g;m.parentNode.insertBefore(a,m) })(window,document,'script','\/\/www.google-analytics.com\/analytics.js','ga'); ga('create', 'UA-57427039-3', 'auto'); ga('send', 'pageview'); \/\/ ]]><\/script><\/p>\n","protected":false},"excerpt":{"rendered":"<p>OM V\u00c4RDSHUSET Invid Brunnsviken mellan \u00e4ng och vatten finns V\u00e4rdshuset Kr\u00e4ftan. Omr\u00e5det, som kallas Kr\u00e4ftriket, \u00e4r inte bara natursk\u00f6nt utan [&hellip;]<\/p>\n","protected":false},"author":2,"featured_media":0,"parent":0,"menu_order":4,"comment_status":"closed","ping_status":"closed","template":"","meta":{"_monsterinsights_skip_tracking":false,"_monsterinsights_sitenote_active":false,"_monsterinsights_sitenote_note":"","_monsterinsights_sitenote_category":0,"footnotes":""},"class_list":["post-61","page","type-page","status-publish","hentry"],"_links":{"self":[{"href":"https:\/\/kraftan.nu\/index.php?rest_route=\/wp\/v2\/pages\/61","targetHints":{"allow":["GET"]}}],"collection":[{"href":"https:\/\/kraftan.nu\/index.php?rest_route=\/wp\/v2\/pages"}],"about":[{"href":"https:\/\/kraftan.nu\/index.php?rest_route=\/wp\/v2\/types\/page"}],"author":[{"embeddable":true,"href":"https:\/\/kraftan.nu\/index.php?rest_route=\/wp\/v2\/users\/2"}],"replies":[{"embeddable":true,"href":"https:\/\/kraftan.nu\/index.php?rest_route=%2Fwp%2Fv2%2Fcomments&post=61"}],"version-history":[{"count":5,"href":"https:\/\/kraftan.nu\/index.php?rest_route=\/wp\/v2\/pages\/61\/revisions"}],"predecessor-version":[{"id":4656,"href":"https:\/\/kraftan.nu\/index.php?rest_route=\/wp\/v2\/pages\/61\/revisions\/4656"}],"wp:attachment":[{"href":"https:\/\/kraftan.nu\/index.php?rest_route=%2Fwp%2Fv2%2Fmedia&parent=61"}],"curies":[{"name":"wp","href":"https:\/\/api.w.org\/{rel}","templated":true}]}}