{"id":41,"date":"2012-03-18T19:11:26","date_gmt":"2012-03-18T19:11:26","guid":{"rendered":"https:\/\/kraftan.nu\/?page_id=41"},"modified":"2025-05-27T13:54:04","modified_gmt":"2025-05-27T11:54:04","slug":"middagar-och-fester","status":"publish","type":"page","link":"https:\/\/kraftan.nu\/?page_id=41","title":{"rendered":"Festmenyer"},"content":{"rendered":"<div class=\"cols-wrapper cols-2\">\n<div class=\"col\">\n<h2><em>Meny Festv\u00e5ning<\/em><\/h2>\n<p><strong>Detta ing\u00e5r i v\u00e5ra buff\u00e9er:<br \/>\n<\/strong>F\u00f6rdrink+ snacks<br \/>\nEtt glas husets vin till maten<br \/>\nKaffe \/ te &amp; chokladbit<br \/>\nLokal 18:00-01:00, barservering 18:00-00:30<br \/>\nSnacks under kv\u00e4llen<strong><br \/>\n<\/strong>Ljud f\u00f6r bakgrundsmusik<strong><br \/>\n<\/strong>Dukning, s\u00e4songens blommor, personal och lokal<strong><br \/>\n<\/strong>Pris: <strong>895<\/strong><b>:-<\/b><\/p>\n<p>Sommars\u00e4songen Maj &#8211; September 3000:- (f\u00f6rdrink ute, stolar, bord)<\/p>\n<ul>\n<li>Vickning: korvbuff\u00e9 eller pizzabuff\u00e9 med \u00d6l 155:-<\/li>\n<li>F\u00f6rr\u00e4tt kan l\u00e4ggas till fr\u00e5n 249:-<\/li>\n<li>Kicka ig\u00e5ng partyt efter middagen med Shots 80:-<\/li>\n<li>T\u00e5rta via v\u00e5ra leverant\u00f6rer p\u00e5 offert<\/li>\n<li>Tidigarel\u00e4gga innan kl. 18:00 = 2500:-\/timme<\/li>\n<li>Drinkbiljetter<\/li>\n<li>Ljud, ljus och danspaketet att spela upp egen musik 4000:-<\/li>\n<li>Mikrofon, projektor och duk 800:-<\/li>\n<li>DJ eller liveband p\u00e5 offert<\/li>\n<\/ul>\n<p>Vi erbjuder endast fullservice med mat och dryck.<b><br \/>\n<\/b><\/p>\n<p><strong>Kall buff\u00e9 Smak av Asien buff\u00e8<br \/>\n<\/strong>Teriyakilax<br \/>\nGlasnudelsallad med krispiga gr\u00f6nsaker<br \/>\nWasabimajonn\u00e4s<br \/>\nFriterad ingef\u00e4ra<br \/>\nBr\u00f6d med f\u00e4rskostkr\u00e4m<br \/>\nGr\u00f6nsallad med vin\u00e4grett<\/p>\n<p><b>Smak av Italien buff\u00e9<\/b><br \/>\nPastasallad med salsa verde, semitorkad tomat och parmesanflakes<br \/>\nRicotta &amp; spenatpaj<br \/>\nCaprese &#8211; tomat och mozzarella sallad<br \/>\nSalami<br \/>\nParmaskinka<br \/>\nF\u00e4rskost cr\u00e8me<br \/>\nFocaccia br\u00f6d<br \/>\nGr\u00f6nsallad med vin\u00e4grett<\/p>\n<p><b>Smak av skog buff\u00e9<\/b><br \/>\nHjortrostbiff och tryffelmajonn\u00e4s<br \/>\nPotatisgrat\u00e4ng<br \/>\nInkokt r\u00f6ding med pepparrotskr\u00e4m , picklad r\u00f6dl\u00f6k &amp; rimmad gurka<br \/>\nGr\u00f6nsallad med rotfrukter samt bl\u00e5b\u00e4rsvin\u00e4grett<br \/>\nBr\u00f6d med f\u00e4rskostkr\u00e4m<\/p>\n<p><strong>Smak av Sverige buff\u00e9<\/strong><br \/>\nTunnbr\u00f6dsrulle med r\u00e4kor, pepparrot &amp; f\u00e4rskost<br \/>\nV\u00e4sterbottenpaj med t\u00e5ngromskr\u00e4m<br \/>\nMarinerad oxfil\u00e9 med nobiss\u00e5s<br \/>\nPotatisgrat\u00e4ng<br \/>\nGr\u00f6nsallad med rotfrukter samt bl\u00e5b\u00e4rsvin\u00e4grette<br \/>\nBr\u00f6d med f\u00e4rskostkr\u00e4m<\/p>\n<p><b>Grillbuff\u00e9: 995:-\/ kuvert<\/b><br \/>\nFl\u00e4skkarr\u00e9<br \/>\nBbq glazerad kyckling<br \/>\nKryddiga korvar<br \/>\nPotatissallad<br \/>\nGrillade gr\u00f6nsaker<br \/>\nBBq &#8211; s\u00e5s<br \/>\nBearnaises\u00e5s<br \/>\nSirachamajonn\u00e4s<br \/>\nBr\u00f6d med f\u00e4rskostkr\u00e4m<br \/>\nGr\u00f6nsallad med vin\u00e4grett<\/p>\n<p><strong>F\u00f6r\u00e4tt:<\/strong><br \/>\nKr\u00e4ftans skaldjursr\u00f6ra p\u00e5 grillad toast samt citronvin\u00e4grett 295:-<br \/>\nVegetarisk r\u00f6ra p\u00e5 grillad toast samt citronvin\u00e4grett 295:-<\/p>\n<p><strong>Drinktilltugg:<br \/>\n<\/strong><em>Pumpernickel, \u00e4delostkr\u00e4m, fikonmarmelad 45:-<br \/>\nCrostini med t\u00e5ngromskr\u00e4m 35:-<br \/>\nSkagensnittar 55:-<br \/>\nVegetariska snittar 55:<\/em><\/p>\n<p><strong style=\"font-size: revert; color: initial;\">Dessert:<br \/>\n<\/strong><span style=\"font-size: revert; color: initial;\">Cr\u00e8me br\u00fbl\u00e8e 95:-<br \/>\n<\/span><span style=\"font-size: revert; color: initial;\">Kr\u00e4ftans parfait med f\u00e4rska b\u00e4r 95:-<br \/>\n<\/span><span style=\"font-size: revert; color: initial;\">Chokladmousse med choklad Crunch 95:-<br \/>\n<\/span><span style=\"font-size: revert; color: initial;\">Glassbuff\u00e8 95:-<br \/>\nVegansk glass 95:-<\/span><\/p>\n<\/div>\n<div class=\"col\">\n<p>Br\u00f6llopst\u00e5rta: fr\u00e5n 160:-\/bit<br \/>\nKaffe\/te: 25:-<br \/>\nChokladbit: 25:-<\/p>\n<\/div>\n<h4><strong>Vinlista:<\/strong><\/h4>\n<h4><strong style=\"font-size: revert; color: initial;\">Bubbel:<\/strong><\/h4>\n<div class=\"col\">\n<p>Champagne: Debuchy Brut Reserve (Frankrike)<br \/>\nCava: Los Monteros Brut (Spanien)<br \/>\nProsecco: High on love (Italien)<\/p>\n<p><strong>Ros\u00e8vin:<br \/>\n<\/strong>Les Cardounetts ros\u00e9 (ekologiskt Frankrike)<\/p>\n<p><strong>Vitt Vin:<br \/>\n<\/strong>Husets: Les Oliviers Chardonnay (Frankrike)<br \/>\nUtvalt: Mont&#8217; Albano Pinot Grigio (Italien)<\/p>\n<p><strong>R\u00f6tt Vin:<br \/>\n<\/strong>Husets: Caliza Oraganic Tempranillo (Spanien)<br \/>\nHusets: Red Zinfandel (Kalifornien)<\/p>\n<p>Utvalt: Viejo Rioja (Spanien)<br \/>\nUtvalt: Saint Cosme Crozes Hermitage (Frankrike)<\/p>\n<p><strong>Alkoholfritt:<br \/>\n<\/strong>Mousserande: Nozeco sparkling (Frankrike)<br \/>\nVitt: Sauvignon blanc (Spanien)<br \/>\nR\u00f6tt: Cabernet Tempranillo Albali (Spanien)<br \/>\nKiviks Lemonad<\/p>\n<p><strong><br \/>\n<\/strong><br \/>\n<strong><br \/>\nV\u00e4lkommen att h\u00f6ra av dig till oss f\u00f6r en offert!<br \/>\n<\/strong><strong>Vi anpassar maten efter v\u00e5ra kunders behov och allergier.<\/strong><\/p>\n<ul>\n<li><b>Konsultation 1 timme ing\u00e5r (genomg\u00e5ng, titta p\u00e5 lokalen)<br \/>\nVi tar emot bokningar om minst 50 personer.<br \/>\n<\/b><\/li>\n<\/ul>\n<p><strong>\u00a0<\/strong><\/p>\n<\/div>\n<div>\n<div class=\"nivo-content\"><div class=\"nivo-wrapper\"><div class=\"nivo-slider\" id=\"nivo-slider-411\" style=\"max-height:450px;\"><\/div><\/div><\/div>\n<\/div>\n<\/div>\n<p><script>\/\/ <![CDATA[ (function(i,s,o,g,r,a,m){i['GoogleAnalyticsObject']=r;i[r]=i[r]||function(){ (i[r].q=i[r].q||[]).push(arguments)},i[r].l=1*new Date();a=s.createElement(o), m=s.getElementsByTagName(o)[0];a.async=1;a.src=g;m.parentNode.insertBefore(a,m) })(window,document,'script','\/\/www.google-analytics.com\/analytics.js','ga'); ga('create', 'UA-57427039-3', 'auto'); ga('send', 'pageview'); \/\/ ]]><\/script><\/p>\n","protected":false},"excerpt":{"rendered":"<p>Meny Festv\u00e5ning Detta ing\u00e5r i v\u00e5ra buff\u00e9er: F\u00f6rdrink+ snacks Ett glas husets vin till maten Kaffe \/ te &amp; chokladbit [&hellip;]<\/p>\n","protected":false},"author":2,"featured_media":0,"parent":1323,"menu_order":0,"comment_status":"closed","ping_status":"closed","template":"","meta":{"_monsterinsights_skip_tracking":false,"_monsterinsights_sitenote_active":false,"_monsterinsights_sitenote_note":"","_monsterinsights_sitenote_category":0,"footnotes":""},"class_list":["post-41","page","type-page","status-publish","hentry"],"_links":{"self":[{"href":"https:\/\/kraftan.nu\/index.php?rest_route=\/wp\/v2\/pages\/41","targetHints":{"allow":["GET"]}}],"collection":[{"href":"https:\/\/kraftan.nu\/index.php?rest_route=\/wp\/v2\/pages"}],"about":[{"href":"https:\/\/kraftan.nu\/index.php?rest_route=\/wp\/v2\/types\/page"}],"author":[{"embeddable":true,"href":"https:\/\/kraftan.nu\/index.php?rest_route=\/wp\/v2\/users\/2"}],"replies":[{"embeddable":true,"href":"https:\/\/kraftan.nu\/index.php?rest_route=%2Fwp%2Fv2%2Fcomments&post=41"}],"version-history":[{"count":129,"href":"https:\/\/kraftan.nu\/index.php?rest_route=\/wp\/v2\/pages\/41\/revisions"}],"predecessor-version":[{"id":5193,"href":"https:\/\/kraftan.nu\/index.php?rest_route=\/wp\/v2\/pages\/41\/revisions\/5193"}],"up":[{"embeddable":true,"href":"https:\/\/kraftan.nu\/index.php?rest_route=\/wp\/v2\/pages\/1323"}],"wp:attachment":[{"href":"https:\/\/kraftan.nu\/index.php?rest_route=%2Fwp%2Fv2%2Fmedia&parent=41"}],"curies":[{"name":"wp","href":"https:\/\/api.w.org\/{rel}","templated":true}]}}